{"id":104,"date":"2022-08-29T13:13:16","date_gmt":"2022-08-29T13:13:16","guid":{"rendered":"http:\/\/www.elfriede-boehler.at\/?page_id=104"},"modified":"2022-08-29T13:14:57","modified_gmt":"2022-08-29T13:14:57","slug":"datenschutzerklaerung","status":"publish","type":"page","link":"https:\/\/www.elfriede-boehler.at\/?page_id=104","title":{"rendered":"Datenschutzerkl\u00e4rung"},"content":{"rendered":"\n<h1 class=\"wp-block-heading\"><\/h1>\n\n\n\n<p>Datenschutz ist Vertrauenssache und ist f\u00fcr uns sehr wichtig. Damit Sie sich bei Besuch unserer Website sicher f\u00fchlen, beachten wir bei der Verarbeitung Ihrer personenbezogenen Daten streng die gesetzlichen Bestimmungen und m\u00f6chten Sie mit diesem Dokument \u00fcber unsere Datenerhebung und Datenverwendung informieren. Die nachfolgende Datenschutzerkl\u00c4rung erkl\u00c4rt Ihnen, welche Daten auf unseren Webseiten erhoben werden und welche dieser Daten wir auf welche Weise verarbeiten und nutzen und an wen Sie sich dazu bei Fragen wenden k\u00f6nnen.<\/p>\n\n\n\n<h2 class=\"wp-block-heading\">1. Verantwortliche Stelle, Rechte des Betroffenen sowie Zweck der Datenverarbeitung<\/h2>\n\n\n\n<p>Verantwortliche Stelle f\u00fcr die Erhebung, Verarbeitung und Nutzung Ihrer personenbezogenen Daten im Sinne der EU Datenschutzgrundverordnung ist Elfriede B\u00f6hler (im Folgenden: Name). Die verantwortliche Stelle ist unter den nachfolgend genannten Kontaktdaten erreichbar:<\/p>\n\n\n\n<p>Elfriede B\u00f6hler<br> Kapellenstra\u00dfe 13<br>6858 Schwarzach <br>elfriede.boehler@vol.at<\/p>\n\n\n\n<h3 class=\"wp-block-heading\">1.1 Ihre Rechte<\/h3>\n\n\n\n<p>Sie k\u00f6nnen jederzeit unentgeltlich Auskunft \u00fcber Ihre bei uns gespeicherten Daten erhalten, sowie Ihr Recht auf Berichtigung Sperrung oder L\u00f6schung Ihrer Daten geltend machen. Wenden sie sich hierzu an die genannten Kontaktdaten. Sofern Sie der Erhebung, Verarbeitung oder Nutzung Ihrer Daten durch Butterweck KG nach Massgabe dieser Datenschutzbestimmungen widersprechen wollen, k\u00f6nnen Sie Ihren Widerspruch per E-Mail oder Brief ebenfalls an die zuvor genannten Kontaktdaten richten. Sie k\u00f6nnen f\u00fcr alle oder f\u00fcr einzelne Massnahmen widersprechen.<\/p>\n\n\n\n<h3 class=\"wp-block-heading\">1.2 Beschwerden<\/h3>\n\n\n\n<p>Sie k\u00f6nnen lt. Artikel 77 DSGVO bei der \u00f6sterreichischen Datenschutzbeh\u00f6rde, Wickenburggasse 8, 1080 Wien, eine Beschwerde einreichen.<\/p>\n\n\n\n<h3 class=\"wp-block-heading\">1.3 Kontaktaufnahme<\/h3>\n\n\n\n<p>Sollten Sie Anmerkungen oder Fragen, Bedenken oder Beschwerden bez\u00fcglich der Erhebung und Nutzung Ihrer personenbezogenen Daten haben, kontaktieren Sie bitte unseren Verantwortlichen \u00fcber die folgende E-Mail-Adresse oder schreiben Sie uns an folgende Adresse:<\/p>\n\n\n\n<p> Elfriede B\u00f6hler<br> Kapellenstra\u00dfe 13<br>6858 Schwarzach <br>elfriede.boehler@vol.at <\/p>\n\n\n\n<h2 class=\"wp-block-heading\">2. Cookies<\/h2>\n\n\n\n<p>Das Akzeptieren von Cookies ist keine Voraussetzung zum Besuch unserer Webseiten. Jedoch weisen wir Sie darauf hin, dass unsere Webseite und Service nur eingeschr\u00e4nkte Funktionalit\u00e4ten hat, wenn Sie es uns nicht erlauben Cookies zu setzen.<\/p>\n\n\n\n<h3 class=\"wp-block-heading\">2.2. Was sind Cookies?<\/h3>\n\n\n\n<p>Cookies sind Textdateien, die auf Ihrem Datentr\u00e4ger gespeichert werden und die bestimmte Einstellungen und Daten zum Austausch mit unserem System \u00fcber Ihren Browser speichern. Grunds\u00e4tzlich werden 2 verschiedenen Arten von Cookies unterschieden, sogenannte Session-Cookies, die gel\u00d6scht werden, sobald Sie Ihren Browser schliessen und tempor\u00c4re\/permanente Cookies, die f\u00fcr einen l\u00c4ngeren Zeitraum oder unbegrenzt auf Ihrem Datentr\u00c4ger gespeichert werden. Diese Speicherung hilft, unsere Webseiten und unsere Angebote f\u00fcr Sie entsprechend zu gestalten und erleichtert Ihnen die Nutzung, indem beispielsweise bestimmte Eingaben von Ihnen so gespeichert werden, dass Sie sie nicht st\u00c4ndig wiederholen m\u00fcssen.<\/p>\n\n\n\n<h3 class=\"wp-block-heading\">2.3. Verwendung von Cookies?<\/h3>\n\n\n\n<p>Die meisten der von uns verwendeten Cookies werden nach Ende der Browser-Sitzung (Ende der Sesssion) automatisch wieder von Ihrem Datentr\u00e4ger gel\u00f6scht (daher auch Session-Cookies). Dar\u00fcber hinaus verwenden wir auch Cookies, die auf ihrem Datentr\u00c4ger verbleiben. Bei einem weiteren Besuch wird dann automatisch erkannt, dass Sie bereits bei uns waren und welche Eingaben und Einstellungen Sie bevorzugen. Diese tempor\u00c4ren oder auch permanenten Cookies werden auf Ihrer Festplatte gespeichert und l\u00f6schen sich nach der vorgegebenen Zeit von allein. Insbesondere diese Cookies dienen dazu, unser Angebot nutzerfreundlicher, effektiver und sicherer zu machen. Der ausschliessliche Zweck dieser Cookies besteht darin, unser Angebot Ihren Kundenw\u00fcnschen bestm\u00f6glich anzupassen und Ihnen das Surfen bei uns so komfortabel wie m\u00f6glich zu gestalten.<\/p>\n\n\n\n<h4 class=\"wp-block-heading\">2.3.1. Welche Daten beinhalten Cookies?<\/h4>\n\n\n\n<p>In den von uns verwendeten Cookies werden lediglich pseudonyme Daten gespeichert. Bei Aktivierung des Cookies wird diesem eine Identifikationsnummer zugewiesen und eine Zuordnung Ihrer personenbezogenen Daten zu dieser Identifikationsnummer wird nicht vorgenommen. Ihr Name, Ihre IP-Adresse oder \u00c4hnliche Daten, die eine direkte Zuordnung des Cookies zu Ihnen erm\u00f6glichen w\u00fcrde, werden nicht in den Cookie eingelegt. Auf Basis der Cookie-Technologie erhalten wir lediglich pseudonymisierte Informationen, beispielsweise dar\u00fcber, welche Seiten unsers Webauftritts besucht wurden, welche Produkte angesehen wurden, etc.<\/p>\n\n\n\n<h4 class=\"wp-block-heading\">2.3.2. Cookies von Drittanbieter<\/h4>\n\n\n\n<p>Wir bedienen uns einiger Werbepartner, die uns dabei helfen, das Internetangebot und die Webseiten interessanter zu gestalten. Daher werden bei einem Besuch unserer Website auch Cookies von Partnerunternehmen auf Ihrem Datentr\u00e4ger gespeichert. Hierbei handelt es sich um tempor\u00c4re\/permanente Cookies, die sich automatisch nach der vorgegebenen Zeit l\u00f6schen. Diese tempor\u00c4ren oder auch permanenten Cookies werden auf Ihrer Festplatte gespeichert und l\u00f6schen sich nach der vorgegebenen Zeit von allein. Auch die Cookies unserer Partnerunternehmen enthalten lediglich pseudonyme Daten. Hierbei erfassen einige unserer Werbepartner auch \u00fcber die Webseiten hinaus Informationen dar\u00fcber, welche Seiten Sie zuvor besucht haben oder f\u00fcr welche Produkte Sie sich beispielsweise interessiert haben, um Ihnen so die Werbung anzeigen zu k\u00f6nnen, die Ihren Interessen bestm\u00d6glich entspricht.<\/p>\n\n\n\n<h4 class=\"wp-block-heading\">2.3.3. Speicherung von Cookies verhindern<\/h4>\n\n\n\n<p>In Ihrem Browser k\u00f6nnen Sie einstellen, dass eine Speicherung von Cookies nur akzeptiert wird, wenn Sie dem zustimmen und so f\u00fcr die Zukunft ein weiteres Setzen von Cookies verhindern. Wenn Sie nur unsere, nicht aber die Cookies unserer Dienstleister und Partner akzeptieren wollen, k\u00d6nnen Sie die Einstellung in Ihrem Browser &#8222;Cookies von Drittanbietern blockieren&#8220; w\u00c4hlen. In der Regel wird Ihnen in der Men\u00fcleiste Ihres Webbrowsers \u00fcber die Hilfe-Funktion angezeigt, wie Sie neue Cookies abweisen und bereits erhaltene ausschalten k\u00f6nnen.<\/p>\n\n\n\n<h2 class=\"wp-block-heading\">3. Log-Dateien<\/h2>\n\n\n\n<p>Bei jedem Zugriff auf die Seiten werden Nutzungsdaten durch den jeweiligen Internetbrowser \u00fcbermittelt und in Protokolldateien, den sogenannten Server-Logfiles, gespeichert. Die dabei gespeicherten Datens\u00e4tze enthalten die folgenden Daten:<\/p>\n\n\n\n<p>Datum und Uhrzeit des Zugriffs<br>Name der aufgerufenen Seite<br>IP-Adresse (letztes Oktett der IP-Adresse wurde entfernt)<br>Referrer-URL (Herkunfts-URL, von der aus Sie auf die Webseiten gekommen sind)<br>\u00dcbertragene Datenmenge<br>Produkt und Versions-Informationen des verwendeten Browsers.<br><\/p>\n\n\n\n<p>Diese Datens\u00e4tze werten wir aus, um unser Angebot weiter zu verbessern und nutzerfreundlicher zu gestalten, Fehler schneller zu finden und Serverkapazit\u00e4ten zu steuern. Zugleich nutzen wir die Logfile-Datens\u00e4tze zur Abwehr von Angriffen auf unsere Webserver.<\/p>\n\n\n\n<h2 class=\"wp-block-heading\">4. Sichere Daten\u00fcbertragung<\/h2>\n\n\n\n<p>Unsere Webseiten und sonstige Systeme werden durch technische und organisatorische Massnahmen gegen Verlust, Zerst\u00f6rung, Zugriff, Ver\u00e4nderung oder Verbreitung Ihrer Daten durch unbefugte Personen abgesichert.<\/p>\n","protected":false},"excerpt":{"rendered":"<p>Datenschutz ist Vertrauenssache und ist f\u00fcr uns sehr wichtig. Damit Sie sich bei Besuch unserer Website sicher f\u00fchlen, beachten wir bei der Verarbeitung Ihrer personenbezogenen Daten streng die gesetzlichen Bestimmungen und m\u00f6chten Sie mit diesem Dokument \u00fcber unsere Datenerhebung und Datenverwendung informieren. Die nachfolgende Datenschutzerkl\u00c4rung erkl\u00c4rt Ihnen, welche Daten auf unseren Webseiten erhoben werden und [&hellip;]<\/p>\n","protected":false},"author":1,"featured_media":0,"parent":0,"menu_order":0,"comment_status":"closed","ping_status":"closed","template":"template-full-width.php","meta":{"footnotes":""},"class_list":["post-104","page","type-page","status-publish","hentry"],"_links":{"self":[{"href":"https:\/\/www.elfriede-boehler.at\/index.php?rest_route=\/wp\/v2\/pages\/104","targetHints":{"allow":["GET"]}}],"collection":[{"href":"https:\/\/www.elfriede-boehler.at\/index.php?rest_route=\/wp\/v2\/pages"}],"about":[{"href":"https:\/\/www.elfriede-boehler.at\/index.php?rest_route=\/wp\/v2\/types\/page"}],"author":[{"embeddable":true,"href":"https:\/\/www.elfriede-boehler.at\/index.php?rest_route=\/wp\/v2\/users\/1"}],"replies":[{"embeddable":true,"href":"https:\/\/www.elfriede-boehler.at\/index.php?rest_route=%2Fwp%2Fv2%2Fcomments&post=104"}],"version-history":[{"count":1,"href":"https:\/\/www.elfriede-boehler.at\/index.php?rest_route=\/wp\/v2\/pages\/104\/revisions"}],"predecessor-version":[{"id":105,"href":"https:\/\/www.elfriede-boehler.at\/index.php?rest_route=\/wp\/v2\/pages\/104\/revisions\/105"}],"wp:attachment":[{"href":"https:\/\/www.elfriede-boehler.at\/index.php?rest_route=%2Fwp%2Fv2%2Fmedia&parent=104"}],"curies":[{"name":"wp","href":"https:\/\/api.w.org\/{rel}","templated":true}]}}