{"id":58,"date":"2014-12-02T13:09:47","date_gmt":"2014-12-02T13:09:47","guid":{"rendered":"http:\/\/www.elfriede-boehler.at\/?page_id=58"},"modified":"2025-09-09T07:14:16","modified_gmt":"2025-09-09T07:14:16","slug":"veraenderung-zum-besseren-mit-vorhandenen-mitteln","status":"publish","type":"page","link":"https:\/\/www.elfriede-boehler.at\/?page_id=58","title":{"rendered":"Ver\u00e4nderung zum Besseren mit vorhandenen Mitteln"},"content":{"rendered":"<div style=\"width: 75%; margin-right: 5%; float: left; display: inline; \">\n<h6>Supervision ist ein Breitbandantibioticum.<\/h6>\n<p>Ein Beitrag zur Qualifizierung beruflicher Arbeit und zur Ver\u00e4nderung zum Besseren mit vorhandenen Mitteln.<\/p>\n<p>Supervision ist lateinisch f\u00fcr \u00dcberblick. Einzelpersonen, Gruppen oder Organisationen lernen dabei ihr berufliches oder<br \/>\nehrenamtliches Handeln zu pr\u00fcfen bzw. zu verbessern. Supervision unterst\u00fctzt die Entfaltung, Entwicklung und<br \/>\nVerbesserung beruflichen Handelns.<\/p>\n<p>Supervision l\u00e4sst sich auch als Beratung von Arbeitszusammenh\u00e4ngen beschreiben. Es werden gemeinsam Ziele vereinbart.<br \/>\nSupervisor:innen sind Expert:innen f\u00fcr den Prozess. Sie sind Gestalter:innen von M\u00f6glichkeitsr\u00e4umen. In der Personalentwicklung unterst\u00fctzt Supervision Ma\u00dfnahmen zur F\u00f6rderung und Entwicklung der Besch\u00e4ftigten.<\/p>\n<p>Je nach Ziel und Inhalt wird das Setting gew\u00e4hlt:<\/p>\n<ul>\n<li>Einzelsupervision<\/li>\n<li>Fallsupervision<\/li>\n<li>Gruppensupervision<\/li>\n<li>Teamsupervision<\/li>\n<li>Lehrsupervision<\/li>\n<li>Angeleitete Reflexion<\/li>\n<\/ul>\n<p>\n<div class=\"wpcf7 no-js\" id=\"wpcf7-f79-o1\" lang=\"de-DE\" dir=\"ltr\" data-wpcf7-id=\"79\">\n<div class=\"screen-reader-response\"><p role=\"status\" aria-live=\"polite\" aria-atomic=\"true\"><\/p> <ul><\/ul><\/div>\n<form action=\"\/index.php?rest_route=%2Fwp%2Fv2%2Fpages%2F58#wpcf7-f79-o1\" method=\"post\" class=\"wpcf7-form init\" aria-label=\"Kontaktformular\" novalidate=\"novalidate\" data-status=\"init\">\n<fieldset class=\"hidden-fields-container\"><input type=\"hidden\" name=\"_wpcf7\" value=\"79\" \/><input type=\"hidden\" name=\"_wpcf7_version\" value=\"6.1.2\" \/><input type=\"hidden\" name=\"_wpcf7_locale\" value=\"de_DE\" \/><input type=\"hidden\" name=\"_wpcf7_unit_tag\" value=\"wpcf7-f79-o1\" \/><input type=\"hidden\" name=\"_wpcf7_container_post\" value=\"0\" \/><input type=\"hidden\" name=\"_wpcf7_posted_data_hash\" value=\"\" \/>\n<\/fieldset>\n<h6>Offene Supervisionsgruppe\n<\/h6>\n<p><br \/>\nKosten pro Termin: \u20ac 66<br \/>\nDie Gruppensupervision findet mit mindestens 4 Teilnehmer:innen statt. Ich bitte um Anmeldung bis 5 Tage davor. Eine Anmeldung ist verbindlich. Wenn Sie bis 48 Stunden vor Supervisionsbeginn absagen, k\u00f6nnen andere Teilnehmer:innen von der Warteliste informiert werden. Es fallen dann keine Stornokosten an. Falls Sie innerhalb der 48 Stunden vor GSV-Beginn absagen und es keine:n Ersatzteilnehmer:in gibt, sind die \u20ac 66 zu bezahlen.\n<\/p>\n<p><span style=\"color: #b2b63b;\"><strong>Offene Supervisionsgruppe<\/strong><\/span>\n<\/p>\n<p>Mittwoch, 17. September 2025: 19:00 - 21:30 Uhr (Pr\u00e4senz)<br \/>\nDonnerstag, 18. September 2025: 19:00 - 21:30 Uhr (Zoom)<br \/>\nDienstag, 11. November 2025: 19:00 - 21:30 Uhr (Pr\u00e4senz)<br \/>\nMittwoch, 12. November 2025: 19:00 - 21:30 Uhr (Pr\u00e4senz)\n<\/p>\n<p><span style=\"color: #b2b63b;\"><strong>Fortbildungslehrgang Superivsion in Dornbirn<\/strong><\/span>\n<\/p>\n<p>Start M\u00e4rz 2026\n<\/p>\n<p>Ihr Name (Pflichtfeld)\n<\/p>\n<p><span class=\"wpcf7-form-control-wrap\" data-name=\"your-name\"><input size=\"40\" maxlength=\"400\" class=\"wpcf7-form-control wpcf7-text wpcf7-validates-as-required\" aria-required=\"true\" aria-invalid=\"false\" value=\"\" type=\"text\" name=\"your-name\" \/><\/span>\n<\/p>\n<p>Ihre E-Mail-Adresse (Pflichtfeld)\n<\/p>\n<p><span class=\"wpcf7-form-control-wrap\" data-name=\"your-email\"><input size=\"40\" maxlength=\"400\" class=\"wpcf7-form-control wpcf7-email wpcf7-validates-as-required wpcf7-text wpcf7-validates-as-email\" aria-required=\"true\" aria-invalid=\"false\" value=\"\" type=\"email\" name=\"your-email\" \/><\/span>\n<\/p>\n<p>Anmeldung f\u00fcr Termine (Mehrfachauswahl mit STRG-Taste)\n<\/p>\n<p><span class=\"wpcf7-form-control-wrap\" data-name=\"Termine\"><select class=\"wpcf7-form-control wpcf7-select wpcf7-validates-as-required\" aria-required=\"true\" aria-invalid=\"false\" multiple=\"multiple\" name=\"Termine[]\"><option value=\"\">&#8211; Bitte ausw\u00e4hlen &#8211;<\/option><\/select><\/span>\n<\/p>\n<p>Sonstiges\n<\/p>\n<p><span class=\"wpcf7-form-control-wrap\" data-name=\"your-message\"><textarea cols=\"40\" rows=\"10\" maxlength=\"2000\" class=\"wpcf7-form-control wpcf7-textarea\" aria-invalid=\"false\" name=\"your-message\"><\/textarea><\/span>\n<\/p>\n<p><input class=\"wpcf7-form-control wpcf7-submit has-spinner\" type=\"submit\" value=\"Anmelden\" \/>\n<\/p><div class=\"wpcf7-response-output\" aria-hidden=\"true\"><\/div>\n<\/form>\n<\/div>\n<br \/>\n<\/div><br \/>\n<div style=\"width: 15%; float: left; display: inline; \"><br \/>\n<span style=\"color: #b2b63b;\"><strong><br \/>\n\u201cNichts verschwindet, bevor es uns nicht das gelehrt hat, was wir wissen m\u00fcssen.\u201c<br \/>\n<\/strong><\/span><br \/>\n<em>Pema Gh\u00f6dr\u00f6n<\/em><br \/>\n<\/div><\/p>\n","protected":false},"excerpt":{"rendered":"","protected":false},"author":1,"featured_media":0,"parent":0,"menu_order":0,"comment_status":"closed","ping_status":"closed","template":"template-full-width.php","meta":{"footnotes":""},"class_list":["post-58","page","type-page","status-publish","hentry"],"_links":{"self":[{"href":"https:\/\/www.elfriede-boehler.at\/index.php?rest_route=\/wp\/v2\/pages\/58","targetHints":{"allow":["GET"]}}],"collection":[{"href":"https:\/\/www.elfriede-boehler.at\/index.php?rest_route=\/wp\/v2\/pages"}],"about":[{"href":"https:\/\/www.elfriede-boehler.at\/index.php?rest_route=\/wp\/v2\/types\/page"}],"author":[{"embeddable":true,"href":"https:\/\/www.elfriede-boehler.at\/index.php?rest_route=\/wp\/v2\/users\/1"}],"replies":[{"embeddable":true,"href":"https:\/\/www.elfriede-boehler.at\/index.php?rest_route=%2Fwp%2Fv2%2Fcomments&post=58"}],"version-history":[{"count":6,"href":"https:\/\/www.elfriede-boehler.at\/index.php?rest_route=\/wp\/v2\/pages\/58\/revisions"}],"predecessor-version":[{"id":110,"href":"https:\/\/www.elfriede-boehler.at\/index.php?rest_route=\/wp\/v2\/pages\/58\/revisions\/110"}],"wp:attachment":[{"href":"https:\/\/www.elfriede-boehler.at\/index.php?rest_route=%2Fwp%2Fv2%2Fmedia&parent=58"}],"curies":[{"name":"wp","href":"https:\/\/api.w.org\/{rel}","templated":true}]}}